{"id":999,"date":"2023-01-19T12:35:05","date_gmt":"2023-01-19T11:35:05","guid":{"rendered":"https:\/\/psy.brussels\/?page_id=999"},"modified":"2023-01-19T12:35:05","modified_gmt":"2023-01-19T11:35:05","slug":"sexualite","status":"publish","type":"page","link":"https:\/\/www.psychologue.lgbt\/fr\/themes\/sexualite\/","title":{"rendered":"Sexualit\u00e9"},"content":{"rendered":"\n<div style=\"height:25px\" aria-hidden=\"true\" class=\"wp-block-spacer editorskit-no-tablet editorskit-no-mobile\"><\/div>\n\n\n\n<h2 class=\"wp-block-heading\">Qu&rsquo;est-ce que la dysfonction sexuelle ?<\/h2>\n\n\n\n<p>La sexualit\u00e9 comporte quatre phases : le d\u00e9sir, l&rsquo;excitation, l&rsquo;orgasme et la r\u00e9solution. <mark style=\"background-color:rgba(0, 0, 0, 0)\" class=\"has-inline-color has-vivid-cyan-blue-color\">Un trouble sexuel survient lorsqu&rsquo;il y a un probl\u00e8me dans au moins une des trois premi\u00e8res phases mentionn\u00e9es ci-dessus.<\/mark> Il existe des troubles ou des dysfonctionnements de diff\u00e9rents types et peuvent avoir diff\u00e9rentes causes et provoquer une g\u00eane \u00e0 diff\u00e9rents niveaux chez la personne qui en souffre et ses partenaires sexuels. Parfois, cela peut m\u00eame affecter l&rsquo;environnement familial et social proche. <strong>La dysfonction sexuelle peut avoir une origine psychologique, physiologique ou une combinaison des deux.<\/strong><\/p>\n\n\n\n<div style=\"height:25px\" aria-hidden=\"true\" class=\"wp-block-spacer editorskit-no-tablet editorskit-no-mobile\"><\/div>\n\n\n\n<h3 class=\"wp-block-heading\">Peut-elle \u00eatre trait\u00e9? Et pourquoi est-ce important?<\/h3>\n\n\n\n<p>Elle peut \u00eatre r\u00e9solu et bien que certaines personnes puissent essayer de minimiser le probl\u00e8me en le niant ou en pensant qu&rsquo;il se r\u00e9soudra de lui-m\u00eame, il existe une solution et le minimiser ne fait qu&rsquo;allonger et approfondir le probl\u00e8me. Pouvoir entretenir des relations sexuelles satisfaisantes est important pour la sant\u00e9 mentale et psychologique des personnes, et lorsqu&rsquo;il y a une d\u00e9t\u00e9rioration des r\u00e9ponses sexuelles, cela affecte diff\u00e9rents domaines tels que l&rsquo;estime de soi, la s\u00e9curit\u00e9 et la relation de couple.<\/p>\n\n\n\n<div style=\"height:25px\" aria-hidden=\"true\" class=\"wp-block-spacer editorskit-no-tablet editorskit-no-mobile\"><\/div>\n\n\n\n<h3 class=\"wp-block-heading\">Quels sont les types?<\/h3>\n\n\n\n<ul class=\"wp-block-list\">\n<li><strong>Inapp\u00e9tence sexuelle :<\/strong> ce probl\u00e8me survient lorsque les personnes ne s&rsquo;int\u00e9ressent pas aux fantasmes ou aux activit\u00e9s sexuelles et souffrent par cons\u00e9quent d&rsquo;anxi\u00e9t\u00e9 ou de probl\u00e8mes relationnels.<\/li>\n\n\n\n<li><strong>Dyspareunie : <\/strong>c&rsquo;est l&rsquo;existence de douleurs de toute nature dans l&rsquo;une des phases des rapports sexuels. Les personnes qui en souffrent essaient de s&rsquo;abstenir d&rsquo;avoir des relations pour \u00e9viter la douleur.<\/li>\n\n\n\n<li><strong>Aversion pour le sexe :<\/strong> C&rsquo;est une aversion extr\u00eame pour le contact sexuel et se caract\u00e9rise par l&rsquo;\u00e9vitement syst\u00e9matique des relations sexuelles.<\/li>\n\n\n\n<li><strong>Inhibition de l&rsquo;excitation :<\/strong> c&rsquo;est le manque ou l&rsquo;absence d&rsquo;excitation, bien que la femme qui en souffre \u00e9prouve un d\u00e9sir sexuel et une stimulation sexuelle efficace. Les femmes qui en souffrent ont un manque de lubrification et une absence d&rsquo;expansion vaginale.<\/li>\n\n\n\n<li><strong>Dysfonctionnement orgasmique :<\/strong> \u00e9galement appel\u00e9 anorgasmie, c&rsquo;est l&rsquo;absence d&rsquo;orgasme ou la difficult\u00e9 \u00e0 l&rsquo;atteindre malgr\u00e9 une excitation normale. Elle conduit \u00e0 la frustration des femmes qui en souffrent et \u00e0 long terme \u00e0 avoir peu de d\u00e9sir sexuel par manque de motivation.<\/li>\n\n\n\n<li><strong>Vaginisme :<\/strong> caract\u00e9ris\u00e9 par l&rsquo;impossibilit\u00e9 de p\u00e9n\u00e9tration du vagin. Elle est caus\u00e9e parce que la femme a une contraction involontaire du tiers externe du vagin, emp\u00eachant toute tentative de p\u00e9n\u00e9tration.<\/li>\n\n\n\n<li><strong>Dysfonction \u00e9rectile :<\/strong> c&rsquo;est l&rsquo;incapacit\u00e9 d&rsquo;obtenir une \u00e9rection du p\u00e9nis et\/ou de la maintenir m\u00eame si la stimulation sexuelle est suffisante. Les hommes qui en souffrent ont une faible estime de soi, de l&rsquo;ins\u00e9curit\u00e9, de la frustration et de l&rsquo;anxi\u00e9t\u00e9.<\/li>\n\n\n\n<li><strong>\u00c9jaculation pr\u00e9coce :<\/strong> les mesures temporelles ne sont pas utilis\u00e9es, mais plut\u00f4t la perception de l&rsquo;homme d&rsquo;\u00eatre incapable de contr\u00f4ler volontairement l&rsquo;\u00e9jaculation face \u00e0 une stimulation sexuelle minimale, que ce soit avant ou pendant l&rsquo;activit\u00e9 sexuelle avec p\u00e9n\u00e9tration.<\/li>\n\n\n\n<li><strong>Ejaculation retard\u00e9e :<\/strong> c&rsquo;est la difficult\u00e9 d&rsquo;atteindre l&rsquo;orgasme lorsqu&rsquo;il y a une stimulation suffisante du p\u00e9nis.<\/li>\n<\/ul>\n\n\n\n<div style=\"height:25px\" aria-hidden=\"true\" class=\"wp-block-spacer editorskit-no-tablet editorskit-no-mobile\"><\/div>\n","protected":false},"excerpt":{"rendered":"<p>Qu&rsquo;est-ce que la dysfonction sexuelle ? La sexualit\u00e9 comporte quatre phases : le d\u00e9sir, l&rsquo;excitation, l&rsquo;orgasme et la r\u00e9solution. Un trouble sexuel survient lorsqu&rsquo;il y a<span class=\"excerpt-hellip\"> [\u2026]<\/span><\/p>\n","protected":false},"author":1,"featured_media":0,"parent":779,"menu_order":0,"comment_status":"closed","ping_status":"closed","template":"","meta":{"_monsterinsights_skip_tracking":false,"_monsterinsights_sitenote_active":false,"_monsterinsights_sitenote_note":"","_monsterinsights_sitenote_category":0,"footnotes":""},"class_list":["post-999","page","type-page","status-publish","hentry"],"aioseo_notices":[],"_links":{"self":[{"href":"https:\/\/www.psychologue.lgbt\/fr\/wp-json\/wp\/v2\/pages\/999","targetHints":{"allow":["GET"]}}],"collection":[{"href":"https:\/\/www.psychologue.lgbt\/fr\/wp-json\/wp\/v2\/pages"}],"about":[{"href":"https:\/\/www.psychologue.lgbt\/fr\/wp-json\/wp\/v2\/types\/page"}],"author":[{"embeddable":true,"href":"https:\/\/www.psychologue.lgbt\/fr\/wp-json\/wp\/v2\/users\/1"}],"replies":[{"embeddable":true,"href":"https:\/\/www.psychologue.lgbt\/fr\/wp-json\/wp\/v2\/comments?post=999"}],"version-history":[{"count":3,"href":"https:\/\/www.psychologue.lgbt\/fr\/wp-json\/wp\/v2\/pages\/999\/revisions"}],"predecessor-version":[{"id":1020,"href":"https:\/\/www.psychologue.lgbt\/fr\/wp-json\/wp\/v2\/pages\/999\/revisions\/1020"}],"up":[{"embeddable":true,"href":"https:\/\/www.psychologue.lgbt\/fr\/wp-json\/wp\/v2\/pages\/779"}],"wp:attachment":[{"href":"https:\/\/www.psychologue.lgbt\/fr\/wp-json\/wp\/v2\/media?parent=999"}],"curies":[{"name":"wp","href":"https:\/\/api.w.org\/{rel}","templated":true}]}}