{"id":994,"date":"2023-01-19T13:55:06","date_gmt":"2023-01-19T12:55:06","guid":{"rendered":"https:\/\/psy.brussels\/?page_id=994"},"modified":"2023-01-23T22:55:58","modified_gmt":"2023-01-23T21:55:58","slug":"orientation-et-identite","status":"publish","type":"page","link":"https:\/\/www.psychologue.lgbt\/fr\/themes\/orientation-et-identite\/","title":{"rendered":"Orientation sexuelle et identit\u00e9 de genre"},"content":{"rendered":"\n<div style=\"height:25px\" aria-hidden=\"true\" class=\"wp-block-spacer\"><\/div>\n\n\n\n<p><mark style=\"background-color:rgba(0, 0, 0, 0)\" class=\"has-inline-color has-vivid-cyan-blue-color\">La sexualit\u00e9 est un aspect complexe et multiforme de la vie humaine qui comprend une vari\u00e9t\u00e9 d&rsquo;exp\u00e9riences physiques, \u00e9motionnelles et sociales.<\/mark> Voici quelques composantes de la sexualit\u00e9 qu&rsquo;il peut \u00eatre important de consid\u00e9rer\u00a0: le sexe biologique (d\u00e9termin\u00e9 par les chromosomes XX et XY), l&rsquo;orientation sexuelle, l&rsquo;identit\u00e9 de genre et le r\u00f4le social (normes culturelles de comportement f\u00e9minin et masculin).<\/p>\n\n\n\n<p><strong>LGBTIQ+<\/strong> signifie lesbienne, gay, bisexuel\u00b7le, transgenre, queer, intersexe, et le signe plus \u00e0 la fin de l&rsquo;acronyme est utilis\u00e9 pour inclure d&rsquo;autres identit\u00e9s qui font partie de la communaut\u00e9 LGBTIQ+, telles que non binaire, pansexuelle , et asexu\u00e9. Ce terme est utilis\u00e9 pour d\u00e9signer un groupe diversifi\u00e9 de personnes qui s&rsquo;identifient comme autre chose qu&rsquo;h\u00e9t\u00e9rosexuel et cisgenre.<\/p>\n\n\n\n<p>Il est important de respecter et de reconna\u00eetre la diversit\u00e9 des identit\u00e9s au sein de la communaut\u00e9 LGBTIQ+ et d&rsquo;utiliser un langage inclusif lorsque vous faites r\u00e9f\u00e9rence ou interagissez avec des personnes qui font partie de cette communaut\u00e9.<\/p>\n\n\n\n<h3 class=\"wp-block-heading\" id=\"orientaci\u00f3n\">Qu&rsquo;est-ce que l&rsquo;orientation sexuelle ?<\/h3>\n\n\n\n<p>L&rsquo;<strong><mark style=\"background-color:rgba(0, 0, 0, 0)\" class=\"has-inline-color has-vivid-cyan-blue-color\">orientation sexuelle<\/mark><\/strong> fait r\u00e9f\u00e9rence \u00e0 l&rsquo;attirance \u00e9motionnelle, romantique et sexuelle d&rsquo;un individu pour les autres. C&rsquo;est un aspect important de la vie humaine qui peut fa\u00e7onner les pens\u00e9es, les sentiments et les comportements d&rsquo;un individu.<\/p>\n\n\n\n<p>Il existe une vari\u00e9t\u00e9 d\u2019orientations sexuelles auxquelles les gens peuvent s\u2019identifier, notamment :<\/p>\n\n\n\n<ul class=\"wp-block-list\">\n<li><strong>H\u00e9t\u00e9rosexuel :<\/strong> Individus attir\u00e9s par des personnes du genre oppos\u00e9.<\/li>\n\n\n\n<li><strong>Homosexuel :<\/strong> Personnes attir\u00e9es par des personnes du m\u00eame sexe ou du m\u00eame genre.<\/li>\n\n\n\n<li><strong>Bisexuel :<\/strong> Cela fait r\u00e9f\u00e9rence aux personnes qui sont attir\u00e9es par les personnes des deux sexes ou genres.<\/li>\n\n\n\n<li><strong>Pansexuel&nbsp;: <\/strong>personnes attir\u00e9es par des personnes de toutes les identit\u00e9s et expressions de genre.<\/li>\n\n\n\n<li><strong>Asexuel :<\/strong> personnes qui ne ressentent aucune attirance sexuelle envers aucun genre.<\/li>\n<\/ul>\n\n\n\n<h4 class=\"wp-block-heading\">Ce n&rsquo;est pas une maladie mentale<\/h4>\n\n\n\n<p>Les homosexuels et les bisexuels vivent traditionnellement sous la stigmatisation d&rsquo;\u00eatre consid\u00e9r\u00e9s comme des malades mentaux. Ce n&rsquo;est qu&rsquo;en 1975 que l&rsquo;<a href=\"http:\/\/apa.org\" title=\"American Psychological Association\">American Psychological Association<\/a> a retir\u00e9 l&rsquo;homosexualit\u00e9 de la liste des maladies mentales et a demand\u00e9 aux psychologues de supprimer une telle stigmatisation. <strong>Les pr\u00e9jug\u00e9s et la discrimination ont r\u00e9guli\u00e8rement des effets psychologiques n\u00e9gatifs.<\/strong><\/p>\n\n\n\n<p>L&rsquo;homosexualit\u00e9 et la bisexualit\u00e9 ne sont pas des maladies mentales, et la recherche a montr\u00e9 qu&rsquo;il n&rsquo;y a pas d&rsquo;association entre ces orientations sexuelles et la psychopathologie. <strong>L&rsquo;h\u00e9t\u00e9rosexualit\u00e9, la bisexualit\u00e9 et l&rsquo;homosexualit\u00e9 sont des comportements normaux dans la sexualit\u00e9 humaine et sont document\u00e9s dans diff\u00e9rentes cultures et \u00e9poques.<\/strong><\/p>\n\n\n\n<h4 class=\"wp-block-heading\">La th\u00e9rapie peut-elle changer l&rsquo;orientation sexuelle?<\/h4>\n\n\n\n<p><mark style=\"background-color:rgba(0, 0, 0, 0)\" class=\"has-inline-color has-vivid-cyan-blue-color\">Non, les th\u00e9rapies<\/mark> (parfois appel\u00e9es \u00ab\u00a0r\u00e9paratrices\u00a0\u00bb ou \u00ab\u00a0th\u00e9rapies de conversion\u00a0\u00bb) <mark style=\"background-color:rgba(0, 0, 0, 0)\" class=\"has-inline-color has-vivid-cyan-blue-color\">pour changer l&rsquo;orientation sexuelle <strong>ne sont ni efficaces ni s\u00fbres<\/strong>. <\/mark>Habituellement, les personnes qui recherchent ce type de th\u00e9rapies sont contraintes par des membres de leur famille ou de groupes religieux. La r\u00e9alit\u00e9 est que l&rsquo;homosexualit\u00e9 n&rsquo;est pas une maladie. Il ne n\u00e9cessite aucun traitement et ne peut \u00eatre modifi\u00e9.<\/p>\n\n\n\n<p>Toutes les personnes gaies, lesbiennes et bisexuelles qui demandent l&rsquo;aide de professionnels ne souhaitent pas changer leur orientation sexuelle. Souvent, ils recherchent une <a href=\"https:\/\/psy.brussels\/fr\/2017\/therapie-positive-lgbtiq\/\" title=\"Th\u00e9rapie positive LGBTIQ+\">aide psychologique (th\u00e9rapie positive)<\/a> tout au long du <a href=\"https:\/\/psy.brussels\/fr\/2023\/questionnement-sur-lidentite-sexuelle\/\" title=\"Questionnement sur l\u2019identit\u00e9 sexuelle\">processus de d\u00e9couverte de leur orientation sexuelle<\/a> ou de d\u00e9veloppement de strat\u00e9gies pour faire face aux pr\u00e9jug\u00e9s. Mais en g\u00e9n\u00e9ral, les personnes homosexuelles ou bisexuelles vont en th\u00e9rapie pour les m\u00eames raisons et probl\u00e8mes de vie qui am\u00e8nent les personnes h\u00e9t\u00e9rosexuelles \u00e0 consulter des professionnels de la sant\u00e9 mentale, quelle que soit leur orientation sexuelle.<\/p>\n\n\n\n<div style=\"height:30px\" aria-hidden=\"true\" class=\"wp-block-spacer\"><\/div>\n\n\n\n<hr class=\"wp-block-separator has-text-color has-black-color has-alpha-channel-opacity has-black-background-color has-background is-style-dots\"\/>\n\n\n\n<div style=\"height:30px\" aria-hidden=\"true\" class=\"wp-block-spacer\"><\/div>\n\n\n\n<h3 class=\"wp-block-heading\" id=\"identidad\">Qu&rsquo;est-ce que l&rsquo;identit\u00e9 de genre ?<\/h3>\n\n\n\n<p>L&rsquo;<mark style=\"background-color:rgba(0, 0, 0, 0)\" class=\"has-inline-color has-vivid-cyan-blue-color\">identit\u00e9 de genre<\/mark> est la perception que nous avons de notre propre genre. Il peut correspondre au sexe attribu\u00e9 \u00e0 la naissance ou en diff\u00e9rer compl\u00e8tement. C&rsquo;est un sentiment personnel et profond\u00e9ment ressenti d&rsquo;\u00eatre un homme, une femme ou autre chose et qu&rsquo;il est diff\u00e9rent du sexe, qui fait r\u00e9f\u00e9rence aux caract\u00e9ristiques biologiques qui d\u00e9finissent les hommes et les femmes, telles que les organes g\u00e9nitaux et les chromosomes. Le genre est l&rsquo;ensemble des r\u00f4les, comportements, activit\u00e9s et attributs socialement construits qui ont traditionnellement \u00e9t\u00e9 divis\u00e9s en binaire : masculin et f\u00e9minin. Mais il existe d&rsquo;autres identit\u00e9s :<\/p>\n\n\n\n<ul class=\"wp-block-list\">\n<li><strong>Cisgenre :<\/strong> d\u00e9signe les personnes qui s&rsquo;identifient au genre qui leur a \u00e9t\u00e9 attribu\u00e9 \u00e0 la naissance.<\/li>\n\n\n\n<li><strong>Transgenre :<\/strong> Personne dont l&rsquo;identit\u00e9 de genre est diff\u00e9rente de celle du sexe qui lui a \u00e9t\u00e9 assign\u00e9 \u00e0 la naissance.<\/li>\n\n\n\n<li><strong>Queergender :<\/strong> Personne qui s&rsquo;identifie \u00e0 une identit\u00e9 qui n&rsquo;appartient pas au binaire homme\/femme.<\/li>\n\n\n\n<li><strong>Agender :<\/strong> Une personne qui ne s&rsquo;identifie \u00e0 aucune identit\u00e9 de genre.<\/li>\n\n\n\n<li><strong>Genre neutre&nbsp;:<\/strong> une personne dont l&rsquo;identit\u00e9 est neutre, c&rsquo;est-\u00e0-dire qui croit qu&rsquo;elle a un genre et que son genre n&rsquo;est pas binaire, et ne s&rsquo;identifie pas \u00e0 des identit\u00e9s qui montrent une affinit\u00e9 pour les r\u00f4les f\u00e9minins ou masculins.<\/li>\n<\/ul>\n\n\n\n<div style=\"height:25px\" aria-hidden=\"true\" class=\"wp-block-spacer\"><\/div>\n\n\n\n<h3 class=\"wp-block-heading\" id=\"intersexual\">Qu&rsquo;est-ce que l&rsquo;intersexualit\u00e9 ?<\/h3>\n\n\n\n<p><strong>Intersexe<\/strong> est un terme utilis\u00e9 pour d\u00e9crire les personnes n\u00e9es avec des caract\u00e9ristiques sexuelles physiques qui ne sont pas conformes aux notions binaires typiques des corps masculins ou f\u00e9minins. Ces caract\u00e9ristiques peuvent inclure des variations dans les organes g\u00e9nitaux, les chromosomes ou les hormones.<\/p>\n\n\n\n<p>L&rsquo;intersexe est une variation naturelle de la biologie humaine et on estime qu&rsquo;environ 1,7 % des personnes naissent avec des traits intersexu\u00e9s. Il est important de reconna\u00eetre que l&rsquo;intersexualit\u00e9 n&rsquo;est pas un trouble ou une condition m\u00e9dicale, et que les personnes pr\u00e9sentant des traits intersexu\u00e9s ne sont ni anormales ni en mauvaise sant\u00e9.<\/p>\n\n\n\n<p>Le terme \u00abintersexe\u00bb peut \u00eatre utilis\u00e9 pour d\u00e9crire un large \u00e9ventail de variations physiques, et toutes les personnes intersexu\u00e9es ne s&rsquo;identifient pas comme intersexu\u00e9es ou n&rsquo;utilisent pas ce terme pour se d\u00e9crire. Certaines personnes intersexu\u00e9es <strong>peuvent s&rsquo;identifier en tant qu&rsquo;hommes, femmes ou non binaires, et peuvent ou non choisir de modifier leur corps par des interventions m\u00e9dicales.<\/strong><\/p>\n\n\n\n<p>Il est important de reconna\u00eetre et de respecter la diversit\u00e9 des identit\u00e9s et des exp\u00e9riences intersexu\u00e9es. Il est \u00e9galement important d&rsquo;\u00eatre conscient des droits et des besoins des personnes intersexu\u00e9es, y compris le droit \u00e0 l&rsquo;autonomie corporelle et au consentement \u00e9clair\u00e9 pour toute intervention m\u00e9dicale.<\/p>\n\n\n\n<div style=\"height:25px\" aria-hidden=\"true\" class=\"wp-block-spacer\"><\/div>\n","protected":false},"excerpt":{"rendered":"<p>La sexualit\u00e9 est un aspect complexe et multiforme de la vie humaine qui comprend une vari\u00e9t\u00e9 d&rsquo;exp\u00e9riences physiques, \u00e9motionnelles et sociales. Voici quelques composantes de la<span class=\"excerpt-hellip\"> [\u2026]<\/span><\/p>\n","protected":false},"author":1,"featured_media":0,"parent":779,"menu_order":0,"comment_status":"closed","ping_status":"closed","template":"","meta":{"_monsterinsights_skip_tracking":false,"_monsterinsights_sitenote_active":false,"_monsterinsights_sitenote_note":"","_monsterinsights_sitenote_category":0,"footnotes":""},"class_list":["post-994","page","type-page","status-publish","hentry"],"aioseo_notices":[],"_links":{"self":[{"href":"https:\/\/www.psychologue.lgbt\/fr\/wp-json\/wp\/v2\/pages\/994","targetHints":{"allow":["GET"]}}],"collection":[{"href":"https:\/\/www.psychologue.lgbt\/fr\/wp-json\/wp\/v2\/pages"}],"about":[{"href":"https:\/\/www.psychologue.lgbt\/fr\/wp-json\/wp\/v2\/types\/page"}],"author":[{"embeddable":true,"href":"https:\/\/www.psychologue.lgbt\/fr\/wp-json\/wp\/v2\/users\/1"}],"replies":[{"embeddable":true,"href":"https:\/\/www.psychologue.lgbt\/fr\/wp-json\/wp\/v2\/comments?post=994"}],"version-history":[{"count":6,"href":"https:\/\/www.psychologue.lgbt\/fr\/wp-json\/wp\/v2\/pages\/994\/revisions"}],"predecessor-version":[{"id":1091,"href":"https:\/\/www.psychologue.lgbt\/fr\/wp-json\/wp\/v2\/pages\/994\/revisions\/1091"}],"up":[{"embeddable":true,"href":"https:\/\/www.psychologue.lgbt\/fr\/wp-json\/wp\/v2\/pages\/779"}],"wp:attachment":[{"href":"https:\/\/www.psychologue.lgbt\/fr\/wp-json\/wp\/v2\/media?parent=994"}],"curies":[{"name":"wp","href":"https:\/\/api.w.org\/{rel}","templated":true}]}}