{"id":985,"date":"2023-01-19T12:27:35","date_gmt":"2023-01-19T11:27:35","guid":{"rendered":"https:\/\/psy.brussels\/?page_id=985"},"modified":"2023-01-19T12:27:35","modified_gmt":"2023-01-19T11:27:35","slug":"syndrome-du-migrant","status":"publish","type":"page","link":"https:\/\/www.psychologue.lgbt\/fr\/themes\/syndrome-du-migrant\/","title":{"rendered":"Syndrome du migrant (syndrome d&rsquo;Ulysse)"},"content":{"rendered":"\n<div style=\"height:25px\" aria-hidden=\"true\" class=\"wp-block-spacer\"><\/div>\n\n\n\n<p>Bien que la plupart des gens parviennent \u00e0 faire face aux aspects n\u00e9gatifs de la migration gr\u00e2ce \u00e0 l&rsquo;existence d&rsquo;autres aspects positifs,\u00a0<mark style=\"background-color:rgba(0, 0, 0, 0)\" class=\"has-inline-color has-vivid-cyan-blue-color\"><strong>la migration est un facteur de risque pour la sant\u00e9 mentale en raison du stress migratoire ou du deuil<\/strong>, appel\u00e9 syndrome de l&rsquo;immigrant ou syndrome d&rsquo;Ulysse.<\/mark><\/p>\n\n\n\n<div style=\"height:25px\" aria-hidden=\"true\" class=\"wp-block-spacer\"><\/div>\n\n\n\n<h3 class=\"wp-block-heading\">Sources de stress<\/h3>\n\n\n\n<ul class=\"wp-block-list\">\n<li>La solitude caus\u00e9e par la s\u00e9paration des \u00eatres chers.<\/li>\n\n\n\n<li>Un sentiment de d\u00e9sespoir et d&rsquo;\u00e9chec \u00e0 cause de peu d&rsquo;opportunit\u00e9s de progresser avec un projet \u00e0 l&rsquo;\u00e9tranger.<\/li>\n\n\n\n<li>Absence d&rsquo;un r\u00e9seau de soutien social.<\/li>\n\n\n\n<li>Lutter contre les probl\u00e8mes \u00e9conomiques tels que le paiement du logement, de la nourriture.<\/li>\n\n\n\n<li>Peur ou d\u00e9sorientation.<\/li>\n\n\n\n<li>Temporalit\u00e9 d&rsquo;une situation.<\/li>\n<\/ul>\n\n\n\n<div style=\"height:25px\" aria-hidden=\"true\" class=\"wp-block-spacer\"><\/div>\n\n\n\n<h3 class=\"wp-block-heading\">Les \u00e9tapes du deuil<\/h3>\n\n\n\n<ul class=\"wp-block-list\">\n<li><strong>D\u00e9ni :<\/strong> la r\u00e9alit\u00e9 du changement n&rsquo;est pas accept\u00e9e.<\/li>\n\n\n\n<li><strong>R\u00e9sistance :<\/strong> face aux difficult\u00e9s et aux d\u00e9fis, se plaint de l&rsquo;effort n\u00e9cessaire pour s&rsquo;adapter \u00e0 la nouvelle situation.<\/li>\n\n\n\n<li><strong>Acceptation :<\/strong> s&rsquo;installe compl\u00e8tement dans la nouvelle situation.<\/li>\n\n\n\n<li><strong>Restitution :<\/strong> accepter les aspects positifs et n\u00e9gatifs du pays d&rsquo;origine et du pays d&rsquo;accueil implique une r\u00e9conciliation affective.<\/li>\n<\/ul>\n\n\n\n<div style=\"height:25px\" aria-hidden=\"true\" class=\"wp-block-spacer\"><\/div>\n\n\n\n<h3 class=\"wp-block-heading\">D\u00e9fenses psychologiques<\/h3>\n\n\n\n<p>Les gens utilisent une s\u00e9rie de m\u00e9canismes de d\u00e9fense psychologiques ou d&rsquo;erreurs afin de les aider \u00e0 faire face \u00e0 la nouvelle situation \u00e0 l&rsquo;\u00e9tranger. Ils ne sont pas en eux-m\u00eames n\u00e9gatifs mais\u00a0<strong>lorsqu&rsquo;ils sont nombreux, ils d\u00e9forment radicalement la vision que nous avons de la r\u00e9alit\u00e9 et nous emp\u00eachent de nous adapter et de nous pr\u00e9parer au deuil migratoire.<\/strong><\/p>\n\n\n\n<ul class=\"wp-block-list\">\n<li>L&rsquo;abstraction s\u00e9lective consiste \u00e0 se concentrer sur un d\u00e9tail hors de son contexte.<\/li>\n\n\n\n<li>Inf\u00e9rence arbitraire, g\u00e9n\u00e9ralisation excessive lorsqu&rsquo;une conclusion ou une r\u00e8gle est tir\u00e9e d&rsquo;un ou plusieurs faits isol\u00e9s.<\/li>\n\n\n\n<li>Maximisation et minimisation, distorsion modifiant l&rsquo;ampleur des \u00e9v\u00e9nements.<\/li>\n\n\n\n<li>Personnalisation, attribution injustifi\u00e9e de ph\u00e9nom\u00e8nes externes.<\/li>\n\n\n\n<li>La pens\u00e9e absolutiste ou dichotomique classe les exp\u00e9riences en \u00ab tout ou rien \u00bb, en cat\u00e9gories extr\u00eames.<\/li>\n<\/ul>\n\n\n\n<div style=\"height:25px\" aria-hidden=\"true\" class=\"wp-block-spacer\"><\/div>\n","protected":false},"excerpt":{"rendered":"<p>Bien que la plupart des gens parviennent \u00e0 faire face aux aspects n\u00e9gatifs de la migration gr\u00e2ce \u00e0 l&rsquo;existence d&rsquo;autres aspects positifs,\u00a0la migration est un facteur<span class=\"excerpt-hellip\"> [\u2026]<\/span><\/p>\n","protected":false},"author":1,"featured_media":0,"parent":779,"menu_order":0,"comment_status":"closed","ping_status":"closed","template":"","meta":{"_monsterinsights_skip_tracking":false,"_monsterinsights_sitenote_active":false,"_monsterinsights_sitenote_note":"","_monsterinsights_sitenote_category":0,"footnotes":""},"class_list":["post-985","page","type-page","status-publish","hentry"],"aioseo_notices":[],"_links":{"self":[{"href":"https:\/\/www.psychologue.lgbt\/fr\/wp-json\/wp\/v2\/pages\/985","targetHints":{"allow":["GET"]}}],"collection":[{"href":"https:\/\/www.psychologue.lgbt\/fr\/wp-json\/wp\/v2\/pages"}],"about":[{"href":"https:\/\/www.psychologue.lgbt\/fr\/wp-json\/wp\/v2\/types\/page"}],"author":[{"embeddable":true,"href":"https:\/\/www.psychologue.lgbt\/fr\/wp-json\/wp\/v2\/users\/1"}],"replies":[{"embeddable":true,"href":"https:\/\/www.psychologue.lgbt\/fr\/wp-json\/wp\/v2\/comments?post=985"}],"version-history":[{"count":2,"href":"https:\/\/www.psychologue.lgbt\/fr\/wp-json\/wp\/v2\/pages\/985\/revisions"}],"predecessor-version":[{"id":1018,"href":"https:\/\/www.psychologue.lgbt\/fr\/wp-json\/wp\/v2\/pages\/985\/revisions\/1018"}],"up":[{"embeddable":true,"href":"https:\/\/www.psychologue.lgbt\/fr\/wp-json\/wp\/v2\/pages\/779"}],"wp:attachment":[{"href":"https:\/\/www.psychologue.lgbt\/fr\/wp-json\/wp\/v2\/media?parent=985"}],"curies":[{"name":"wp","href":"https:\/\/api.w.org\/{rel}","templated":true}]}}