{"id":984,"date":"2023-01-19T12:19:57","date_gmt":"2023-01-19T11:19:57","guid":{"rendered":"https:\/\/psy.brussels\/?page_id=984"},"modified":"2023-01-19T12:19:58","modified_gmt":"2023-01-19T11:19:58","slug":"depression","status":"publish","type":"page","link":"https:\/\/www.psychologue.lgbt\/fr\/themes\/depression\/","title":{"rendered":"D\u00e9pression"},"content":{"rendered":"\n<div style=\"height:25px\" aria-hidden=\"true\" class=\"wp-block-spacer\"><\/div>\n\n\n\n<h2 class=\"wp-block-heading\">Qu&rsquo;est-ce que la d\u00e9pression ?<\/h2>\n\n\n\n<p><strong>La d\u00e9pression est plus qu&rsquo;un simple sentiment de tristesse<\/strong>, c&rsquo;est un \u00e9tat de sant\u00e9 mentale caract\u00e9ris\u00e9 par des <mark style=\"background-color:rgba(0, 0, 0, 0)\" class=\"has-inline-color has-vivid-cyan-blue-color\">sentiments persistants de tristesse, de d\u00e9sespoir et de manque d&rsquo;int\u00e9r\u00eat pour les activit\u00e9s<\/mark>. Les personnes souffrant de d\u00e9pression peuvent \u00e9prouver un manque g\u00e9n\u00e9ral d&rsquo;int\u00e9r\u00eat et de plaisir dans les activit\u00e9s quotidiennes, une perte ou un gain de poids important, des insomnies ou une somnolence excessive, un manque d&rsquo;\u00e9nergie, un manque de concentration, des sentiments d&rsquo;inutilit\u00e9 ou de culpabilit\u00e9 excessive, et m\u00eame, dans certains cas, pens\u00e9es de mort ou de suicide.<\/p>\n\n\n\n<p>La d\u00e9pression est une maladie grave et courante qui peut avoir un impact significatif sur la vie quotidienne, notamment sur la capacit\u00e9 de travailler, d&rsquo;\u00e9tudier et d&rsquo;entretenir des relations.<\/p>\n\n\n\n<p>Si vous pensez souffrir de d\u00e9pression, il est important de demander l&rsquo;aide d&rsquo;un professionnel de la sant\u00e9 mentale. Le traitement de la d\u00e9pression peut \u00eatre tr\u00e8s efficace et peut inclure une th\u00e9rapie, des m\u00e9dicaments ou une combinaison des deux. Avec un traitement appropri\u00e9, il est possible de g\u00e9rer et de se r\u00e9cup\u00e9rer de la d\u00e9pression.<\/p>\n\n\n\n<div style=\"height:25px\" aria-hidden=\"true\" class=\"wp-block-spacer\"><\/div>\n\n\n\n<h3 class=\"wp-block-heading\">Signes de d\u00e9pression<\/h3>\n\n\n\n<h4 class=\"wp-block-heading\">Sentiments<\/h4>\n\n\n\n<ul class=\"wp-block-list\">\n<li>Se sentir triste.<\/li>\n\n\n\n<li>Un sentiment de d\u00e9sespoir, que les choses ne pourraient pas s&rsquo;am\u00e9liorer.<\/li>\n\n\n\n<li>Se sentir irritable.<\/li>\n\n\n\n<li>Se sentir vide.<\/li>\n\n\n\n<li>Se sentir fatigu\u00e9, malgr\u00e9 le sommeil.<\/li>\n\n\n\n<li>Se sentir agit\u00e9.<\/li>\n<\/ul>\n\n\n\n<h4 class=\"wp-block-heading\">Pens\u00e9es<\/h4>\n\n\n\n<ul class=\"wp-block-list\">\n<li>Penser que rien ne vous rend heureux.<\/li>\n\n\n\n<li>Penser que les choses n&rsquo;iront pas mieux.<\/li>\n\n\n\n<li>Penser que les probl\u00e8mes sont de votre faute.<\/li>\n\n\n\n<li>Penser que vous n&rsquo;\u00eates pas assez bon.<\/li>\n\n\n\n<li>Penser \u00e0 la mort ou mettre fin \u00e0 ses jours.<\/li>\n<\/ul>\n\n\n\n<h4 class=\"wp-block-heading\">Comportement<\/h4>\n\n\n\n<ul class=\"wp-block-list\">\n<li>Avoir de la difficult\u00e9 \u00e0 penser clairement, \u00e0 se concentrer ou \u00e0 prendre des d\u00e9cisions.<\/li>\n\n\n\n<li>Manquer d&rsquo;int\u00e9r\u00eat pour les choses que vous aimiez.<\/li>\n\n\n\n<li>Manger beaucoup plus ou moins que d&rsquo;habitude.<\/li>\n\n\n\n<li>Avoir du mal \u00e0 s&rsquo;endormir ou dormir plus longtemps que d&rsquo;habitude.<\/li>\n\n\n\n<li>Vivre des maux et des douleurs qui ne semblent pas \u00eatre justifi\u00e9s par autre chose.<\/li>\n<\/ul>\n\n\n\n<div style=\"height:25px\" aria-hidden=\"true\" class=\"wp-block-spacer\"><\/div>\n\n\n\n<h3 class=\"wp-block-heading\">Pourquoi ai-je une d\u00e9pression ?<\/h3>\n\n\n\n<p>La d\u00e9pression peut survenir \u00e0 n&rsquo;importe quelle occasion et ce n&rsquo;est pas de votre faute. <strong>Vous courez un risque accru de souffrir de d\u00e9pression lorsque vous vivez des situations difficiles.<\/strong> Voici quelques exemples:<\/p>\n\n\n\n<ul class=\"wp-block-list\">\n<li>Lorsque vous \u00eates stress\u00e9 (par exemple, d\u00e9marrer un nouveau projet, d\u00e9m\u00e9nager dans une nouvelle ville ou avoir des probl\u00e8mes \u00e0 la maison ou au travail).<\/li>\n\n\n\n<li>Lorsque vous vous sentez impuissant (par exemple, traverser une p\u00e9riode de faible revenu ou la maladie d&rsquo;un membre de la famille).<\/li>\n\n\n\n<li>Lorsque vous \u00eates victime d&rsquo;intimidation ou de violence (par exemple, l&rsquo;intimidation au travail ou \u00e0 l&rsquo;\u00e9cole).<\/li>\n<\/ul>\n\n\n\n<p>Certaines personnes ne souffrent de d\u00e9pression qu&rsquo;\u00e0 certains moments de l&rsquo;ann\u00e9e, c&rsquo;est ce qu&rsquo;on appelle le \u00ab\u00a0trouble affectif saisonnier\u00a0\u00bb.<\/p>\n\n\n\n<div style=\"height:25px\" aria-hidden=\"true\" class=\"wp-block-spacer\"><\/div>\n\n\n\n<h3 class=\"wp-block-heading\">Que puis-je faire?<\/h3>\n\n\n\n<h4 class=\"wp-block-heading\">Premi\u00e8re \u00e9tape : amener les gens \u00e0 comprendre ce que vous vivez<\/h4>\n\n\n\n<p>Si vous pensez souffrir de d\u00e9pression, pensez \u00e0 quelqu&rsquo;un \u00e0 qui parler. Il n&rsquo;est pas toujours facile de reconna\u00eetre ses vuln\u00e9rabilit\u00e9s, mais il est important d&rsquo;exprimer ses sentiments : les autres ne pourront pas vous aidez s&rsquo;ils ne savent pas ce que vous traversez.<\/p>\n\n\n\n<h4 class=\"wp-block-heading\">Prochaines \u00e9tapes&nbsp;: chercher de l&rsquo;aide<\/h4>\n\n\n\n<p>Plus tard, il sera n\u00e9cessaire de demander une aide sp\u00e9cialis\u00e9e. Un professionnel pourra \u00e9valuer votre cas et vous donner les bons outils pour vaincre la d\u00e9pression. Par exemple, parlez \u00e0 votre m\u00e9decin de famille pour qu&rsquo;il vous dirige vers un psychologue ou cherchez vous-m\u00eame un psychologue.<\/p>\n\n\n\n<div style=\"height:25px\" aria-hidden=\"true\" class=\"wp-block-spacer\"><\/div>\n\n\n\n<h3 class=\"wp-block-heading\">R\u00e9cup\u00e9ration<\/h3>\n\n\n\n<p>La r\u00e9cup\u00e9ration peut prendre un certain temps. Cependant, \u00e9tape par \u00e9tape, vous pourrez revenir \u00e0 vos anciennes routines. Tout au long du processus, il est important de laisser derri\u00e8re soi les pens\u00e9es n\u00e9gatives et la culpabilit\u00e9. Ne vous bl\u00e2mez pas et n&rsquo;ayez pas honte : 1 personne sur 4 a souffert de d\u00e9pression. <strong>C&rsquo;est bien de demander de l&rsquo;aide et de prendre du temps pour soi afin de pouvoir se remettre.<\/strong><\/p>\n\n\n\n<div style=\"height:25px\" aria-hidden=\"true\" class=\"wp-block-spacer\"><\/div>\n","protected":false},"excerpt":{"rendered":"<p>Qu&rsquo;est-ce que la d\u00e9pression ? La d\u00e9pression est plus qu&rsquo;un simple sentiment de tristesse, c&rsquo;est un \u00e9tat de sant\u00e9 mentale caract\u00e9ris\u00e9 par des sentiments persistants de<span class=\"excerpt-hellip\"> [\u2026]<\/span><\/p>\n","protected":false},"author":1,"featured_media":0,"parent":779,"menu_order":0,"comment_status":"closed","ping_status":"closed","template":"","meta":{"_monsterinsights_skip_tracking":false,"_monsterinsights_sitenote_active":false,"_monsterinsights_sitenote_note":"","_monsterinsights_sitenote_category":0,"footnotes":""},"class_list":["post-984","page","type-page","status-publish","hentry"],"aioseo_notices":[],"_links":{"self":[{"href":"https:\/\/www.psychologue.lgbt\/fr\/wp-json\/wp\/v2\/pages\/984","targetHints":{"allow":["GET"]}}],"collection":[{"href":"https:\/\/www.psychologue.lgbt\/fr\/wp-json\/wp\/v2\/pages"}],"about":[{"href":"https:\/\/www.psychologue.lgbt\/fr\/wp-json\/wp\/v2\/types\/page"}],"author":[{"embeddable":true,"href":"https:\/\/www.psychologue.lgbt\/fr\/wp-json\/wp\/v2\/users\/1"}],"replies":[{"embeddable":true,"href":"https:\/\/www.psychologue.lgbt\/fr\/wp-json\/wp\/v2\/comments?post=984"}],"version-history":[{"count":2,"href":"https:\/\/www.psychologue.lgbt\/fr\/wp-json\/wp\/v2\/pages\/984\/revisions"}],"predecessor-version":[{"id":1015,"href":"https:\/\/www.psychologue.lgbt\/fr\/wp-json\/wp\/v2\/pages\/984\/revisions\/1015"}],"up":[{"embeddable":true,"href":"https:\/\/www.psychologue.lgbt\/fr\/wp-json\/wp\/v2\/pages\/779"}],"wp:attachment":[{"href":"https:\/\/www.psychologue.lgbt\/fr\/wp-json\/wp\/v2\/media?parent=984"}],"curies":[{"name":"wp","href":"https:\/\/api.w.org\/{rel}","templated":true}]}}