{"id":758,"date":"2023-01-12T22:37:00","date_gmt":"2023-01-12T21:37:00","guid":{"rendered":"https:\/\/lecerfvert.com\/?page_id=758"},"modified":"2023-01-18T15:54:45","modified_gmt":"2023-01-18T14:54:45","slug":"politique-de-cookies","status":"publish","type":"page","link":"https:\/\/www.psychologue.lgbt\/fr\/home\/politique-de-cookies\/","title":{"rendered":"Politique de cookies"},"content":{"rendered":"\n<div style=\"height:25px\" aria-hidden=\"true\" class=\"wp-block-spacer\"><\/div>\n\n\n\n<p>Notre site web utilise ses propres cookies et ceux de tiers pour am\u00e9liorer votre exp\u00e9rience utilisateur et proposer des contenus int\u00e9ressants. Les cookies vous permettent de naviguer sur notre site web et nous permettent de savoir quelles pages les utilisateurs visitent. Ils nous aident \u00e0 mesurer l&rsquo;efficacit\u00e9 des publicit\u00e9s et des recherches, et nous donnent des informations sur le comportement des utilisateurs, que nous utilisons pour am\u00e9liorer nos produits et nos messages.<\/p>\n\n\n\n<p><\/p>\n\n\n\n<p>Si vous souhaitez d\u00e9sactiver les cookies, vous pouvez le faire depuis votre navigateur.<\/p>\n\n\n\n<p><\/p>\n\n\n\n<p>Comme <a href=\"https:\/\/psy.brussels\/fr\/\" title=\"Home\">notre site web<\/a> utilise des cookies, vous ne pourrez peut-\u00eatre pas acc\u00e9der \u00e0 certaines sections si vous les d\u00e9sactivez.<\/p>\n\n\n\n<div style=\"height:25px\" aria-hidden=\"true\" class=\"wp-block-spacer\"><\/div>\n\n\n\n<h2 class=\"wp-block-heading\">Types de cookies<\/h2>\n\n\n\n<h4 class=\"wp-block-heading\">Cat\u00e9gorie 1 : cookies strictement n\u00e9cessaires<\/h4>\n\n\n\n<p>Ces cookies sont indispensables pour que vous puissiez naviguer sur les pages et utiliser leurs fonctionnalit\u00e9s.<\/p>\n\n\n\n<div style=\"height:25px\" aria-hidden=\"true\" class=\"wp-block-spacer\"><\/div>\n\n\n\n<h4 class=\"wp-block-heading\">Cat\u00e9gorie 2 : cookies comportementaux<\/h4>\n\n\n\n<p>Ces cookies collectent des informations sur la fa\u00e7on dont vous utilisez notre site, par exemple les pages que vous visitez le plus. Ces donn\u00e9es nous permettent d&rsquo;optimiser le site et d&rsquo;en faciliter la navigation. Ces cookies permettent \u00e9galement \u00e0 nos affili\u00e9s de savoir si vous avez acc\u00e9d\u00e9 \u00e0 notre site Web par leur interm\u00e9diaire et si votre visite s&rsquo;est termin\u00e9e par l&rsquo;achat ou l&rsquo;utilisation de l&rsquo;un de nos produits et services, ainsi que les d\u00e9tails dudit produit ou service. Ces cookies ne contiennent pas d&rsquo;informations permettant de vous identifier. Toutes les donn\u00e9es collect\u00e9es dans ces cookies sont collect\u00e9es de mani\u00e8re anonyme.<\/p>\n\n\n\n<div style=\"height:25px\" aria-hidden=\"true\" class=\"wp-block-spacer\"><\/div>\n\n\n\n<h4 class=\"wp-block-heading\">Cat\u00e9gorie 3 : cookies de fonctionnalit\u00e9<\/h4>\n\n\n\n<p>Ces cookies permettent \u00e0 notre site de m\u00e9moriser les options que vous s\u00e9lectionnez lorsque vous naviguez. Par exemple, nous pouvons stocker votre emplacement g\u00e9ographique dans un cookie pour nous assurer que les pages affich\u00e9es sont celles dirig\u00e9es vers votre r\u00e9gion. Ils peuvent \u00e9galement conserver des pr\u00e9f\u00e9rences telles que la taille du texte, les polices et d&rsquo;autres \u00e9l\u00e9ments personnalisables. Une autre utilisation possible est d&rsquo;enregistrer les produits ou vid\u00e9os vedettes qui sont d\u00e9j\u00e0 apparus et d&rsquo;\u00e9viter les r\u00e9p\u00e9titions. Les donn\u00e9es collect\u00e9es dans ces cookies ne permettent pas de vous identifier personnellement et ne permettent pas de suivre votre activit\u00e9 lorsque vous naviguez en dehors des sites Psy.brussels.<\/p>\n\n\n\n<div style=\"height:25px\" aria-hidden=\"true\" class=\"wp-block-spacer\"><\/div>\n","protected":false},"excerpt":{"rendered":"<p>Notre site web utilise ses propres cookies et ceux de tiers pour am\u00e9liorer votre exp\u00e9rience utilisateur et proposer des contenus int\u00e9ressants. Les cookies vous permettent de<span class=\"excerpt-hellip\"> [\u2026]<\/span><\/p>\n","protected":false},"author":1,"featured_media":0,"parent":757,"menu_order":0,"comment_status":"closed","ping_status":"closed","template":"","meta":{"_monsterinsights_skip_tracking":false,"_monsterinsights_sitenote_active":false,"_monsterinsights_sitenote_note":"","_monsterinsights_sitenote_category":0,"footnotes":""},"class_list":["post-758","page","type-page","status-publish","hentry"],"aioseo_notices":[],"_links":{"self":[{"href":"https:\/\/www.psychologue.lgbt\/fr\/wp-json\/wp\/v2\/pages\/758","targetHints":{"allow":["GET"]}}],"collection":[{"href":"https:\/\/www.psychologue.lgbt\/fr\/wp-json\/wp\/v2\/pages"}],"about":[{"href":"https:\/\/www.psychologue.lgbt\/fr\/wp-json\/wp\/v2\/types\/page"}],"author":[{"embeddable":true,"href":"https:\/\/www.psychologue.lgbt\/fr\/wp-json\/wp\/v2\/users\/1"}],"replies":[{"embeddable":true,"href":"https:\/\/www.psychologue.lgbt\/fr\/wp-json\/wp\/v2\/comments?post=758"}],"version-history":[{"count":2,"href":"https:\/\/www.psychologue.lgbt\/fr\/wp-json\/wp\/v2\/pages\/758\/revisions"}],"predecessor-version":[{"id":763,"href":"https:\/\/www.psychologue.lgbt\/fr\/wp-json\/wp\/v2\/pages\/758\/revisions\/763"}],"up":[{"embeddable":true,"href":"https:\/\/www.psychologue.lgbt\/fr\/wp-json\/wp\/v2\/pages\/757"}],"wp:attachment":[{"href":"https:\/\/www.psychologue.lgbt\/fr\/wp-json\/wp\/v2\/media?parent=758"}],"curies":[{"name":"wp","href":"https:\/\/api.w.org\/{rel}","templated":true}]}}